{"id":144,"date":"2025-09-05T09:41:12","date_gmt":"2025-09-05T09:41:12","guid":{"rendered":"https:\/\/kamamuta.pl\/?post_type=product&#038;p=144"},"modified":"2025-10-14T09:50:46","modified_gmt":"2025-10-14T09:50:46","slug":"mentoring-archetypalny-12-spotkan-ktore-zmienia-twoje-zycie","status":"publish","type":"product","link":"https:\/\/kamamuta.pl\/?product=mentoring-archetypalny-12-spotkan-ktore-zmienia-twoje-zycie","title":{"rendered":"Mentoring archetypalny &#8211; 12 spotka\u0144, kt\u00f3re zmieni\u0105 Twoje \u017cycie"},"content":{"rendered":"<p data-start=\"253\" data-end=\"467\">Czy czujesz, \u017ce osi\u0105gn\u0119\u0142a\u015b ju\u017c wiele, ale pragniesz czego\u015b wi\u0119cej?<br data-start=\"319\" data-end=\"322\" \/>Czy masz poczucie, \u017ce Tw\u00f3j potencja\u0142 jest wi\u0119kszy ni\u017c to, co aktualnie realizujesz \u2013 i potrzebujesz przewodnika, kt\u00f3ry pomo\u017ce Ci go odblokowa\u0107?<\/p>\n<p data-start=\"469\" data-end=\"703\"><strong data-start=\"469\" data-end=\"495\">Archetypalny Mentoring<\/strong> to indywidualny, 3-miesi\u0119czny proces transformacyjny (12 spotka\u0144 online po 60 minut), w kt\u00f3rym pracujemy nad Twoim nieprzeci\u0119tnym celem, buduj\u0105c most mi\u0119dzy <strong data-start=\"653\" data-end=\"700\">\u015bwiadomo\u015bci\u0105, pod\u015bwiadomo\u015bci\u0105 i archetypami<\/strong>.<\/p>\n<h3 data-start=\"705\" data-end=\"735\">Co wyr\u00f3\u017cnia ten program?<\/h3>\n<ul data-start=\"736\" data-end=\"1479\">\n<li data-start=\"736\" data-end=\"950\">\n<p data-start=\"738\" data-end=\"950\"><strong data-start=\"738\" data-end=\"765\">Psychologia + archetypy<\/strong> \u2013 bazujemy na badaniach psychologii spo\u0142ecznej, pozytywnej, g\u0142\u0119bi i narracyjnej, a jednocze\u015bnie korzystamy z pot\u0119\u017cnych narz\u0119dzi archetypowych, kt\u00f3re dzia\u0142aj\u0105 jak <em data-start=\"928\" data-end=\"947\">wewn\u0119trzny kompas<\/em>.<\/p>\n<\/li>\n<li data-start=\"951\" data-end=\"1114\">\n<p data-start=\"953\" data-end=\"1114\"><strong data-start=\"953\" data-end=\"980\">Praca z pod\u015bwiadomo\u015bci\u0105<\/strong> \u2013 poprzez wizualizacje, techniki mindfulness, prac\u0119 z cieniem i pisanie refleksyjne, docieramy do Twoich ukrytych zasob\u00f3w i blokad.<\/p>\n<\/li>\n<li data-start=\"1115\" data-end=\"1338\">\n<p data-start=\"1117\" data-end=\"1338\"><strong data-start=\"1117\" data-end=\"1140\">Strategia dzia\u0142ania<\/strong> \u2013 ka\u017cdy archetyp stanie si\u0119 dla Ciebie \u017ar\u00f3d\u0142em energii i konkretnych metod realizacji cel\u00f3w (Wojowniczka \u2192 dyscyplina, W\u0142adczyni \u2192 struktura i w\u0142adza, Kochanka \u2192 pasja, M\u0119drzec \u2192 klarowna wizja).<\/p>\n<\/li>\n<li data-start=\"1339\" data-end=\"1479\">\n<p data-start=\"1341\" data-end=\"1479\"><strong data-start=\"1341\" data-end=\"1370\">Ekskluzywne podej\u015bcie 1:1<\/strong> \u2013 pracujemy tylko nad Tob\u0105 i Twoim \u017cyciem. To indywidualna \u015bcie\u017cka rozwoju, szyta na miar\u0119 Twoich ambicji.<\/p>\n<\/li>\n<\/ul>\n<h3 data-start=\"1481\" data-end=\"1527\">Rezultaty, jakich mo\u017cesz si\u0119 spodziewa\u0107:<\/h3>\n<ul data-start=\"1528\" data-end=\"2030\">\n<li data-start=\"1528\" data-end=\"1698\">\n<p data-start=\"1530\" data-end=\"1698\">wyznaczenie i realizacja <strong data-start=\"1555\" data-end=\"1579\">celu nieprzeci\u0119tnego<\/strong> (np. napisanie ksi\u0105\u017cki, stworzenie w\u0142asnej marki, osi\u0105gni\u0119cie awansu, prze\u0142om w biznesie lub karierze artystycznej),<\/p>\n<\/li>\n<li data-start=\"1699\" data-end=\"1743\">\n<p data-start=\"1701\" data-end=\"1743\">odzyskanie wewn\u0119trznej mocy i sp\u00f3jno\u015bci,<\/p>\n<\/li>\n<li data-start=\"1744\" data-end=\"1792\">\n<p data-start=\"1746\" data-end=\"1792\">prze\u0142amanie sabotuj\u0105cych schemat\u00f3w i cienia,<\/p>\n<\/li>\n<li data-start=\"1793\" data-end=\"1870\">\n<p data-start=\"1795\" data-end=\"1870\">umiej\u0119tno\u015b\u0107 korzystania z archetyp\u00f3w jako narz\u0119dzi rozwoju i przyw\u00f3dztwa,<\/p>\n<\/li>\n<li data-start=\"1871\" data-end=\"1970\">\n<p data-start=\"1873\" data-end=\"1970\">wprowadzenie struktur i nawyk\u00f3w, kt\u00f3re wspieraj\u0105 produktywno\u015b\u0107, zamiast prowadzi\u0107 do wypalenia,<\/p>\n<\/li>\n<li data-start=\"1971\" data-end=\"2030\">\n<p data-start=\"1973\" data-end=\"2030\">wi\u0119ksza odwaga w dzia\u0142aniu i autentyczno\u015b\u0107 w relacjach.<\/p>\n<\/li>\n<\/ul>\n<h3 data-start=\"2032\" data-end=\"2064\">Dla kogo jest ten program?<\/h3>\n<ul data-start=\"2065\" data-end=\"2385\">\n<li data-start=\"2065\" data-end=\"2175\">\n<p data-start=\"2067\" data-end=\"2175\">dla <strong data-start=\"2071\" data-end=\"2119\">przedsi\u0119biorc\u00f3w, lider\u00f3w, tw\u00f3rc\u00f3w i artyst\u00f3w<\/strong>, kt\u00f3rzy chc\u0105 wprowadzi\u0107 swoj\u0105 prac\u0119 na wy\u017cszy poziom,<\/p>\n<\/li>\n<li data-start=\"2176\" data-end=\"2288\">\n<p data-start=\"2178\" data-end=\"2288\">dla os\u00f3b, kt\u00f3re czuj\u0105, \u017ce stoj\u0105 na progu du\u017cej zmiany i potrzebuj\u0105 wsparcia w jej \u015bwiadomym przeprowadzeniu,<\/p>\n<\/li>\n<li data-start=\"2289\" data-end=\"2385\">\n<p data-start=\"2291\" data-end=\"2385\">dla do\u015bwiadczonych w rozwoju os\u00f3b, kt\u00f3rzy ceni\u0105 sobie <strong data-start=\"2332\" data-end=\"2382\">holistyczne podej\u015bcie, dyskrecj\u0119 i skuteczno\u015b\u0107<\/strong>.<\/p>\n<\/li>\n<\/ul>\n","protected":false},"excerpt":{"rendered":"<p>Po z\u0142o\u017ceniu zam\u00f3wienia niezw\u0142ocznie skontaktuj\u0119 si\u0119 z Tob\u0105 mailowo celem um\u00f3wienia daty naszego spotkania.<\/p>\n","protected":false},"featured_media":145,"comment_status":"open","ping_status":"closed","template":"","meta":{"_themeisle_gutenberg_block_has_review":false},"product_brand":[],"product_cat":[20],"product_tag":[],"class_list":{"0":"post-144","1":"product","2":"type-product","3":"status-publish","4":"has-post-thumbnail","6":"product_cat-bez-kategorii","8":"first","9":"instock","10":"virtual","11":"purchasable","12":"product-type-simple"},"_links":{"self":[{"href":"https:\/\/kamamuta.pl\/index.php?rest_route=\/wp\/v2\/product\/144","targetHints":{"allow":["GET"]}}],"collection":[{"href":"https:\/\/kamamuta.pl\/index.php?rest_route=\/wp\/v2\/product"}],"about":[{"href":"https:\/\/kamamuta.pl\/index.php?rest_route=\/wp\/v2\/types\/product"}],"replies":[{"embeddable":true,"href":"https:\/\/kamamuta.pl\/index.php?rest_route=%2Fwp%2Fv2%2Fcomments&post=144"}],"wp:featuredmedia":[{"embeddable":true,"href":"https:\/\/kamamuta.pl\/index.php?rest_route=\/wp\/v2\/media\/145"}],"wp:attachment":[{"href":"https:\/\/kamamuta.pl\/index.php?rest_route=%2Fwp%2Fv2%2Fmedia&parent=144"}],"wp:term":[{"taxonomy":"product_brand","embeddable":true,"href":"https:\/\/kamamuta.pl\/index.php?rest_route=%2Fwp%2Fv2%2Fproduct_brand&post=144"},{"taxonomy":"product_cat","embeddable":true,"href":"https:\/\/kamamuta.pl\/index.php?rest_route=%2Fwp%2Fv2%2Fproduct_cat&post=144"},{"taxonomy":"product_tag","embeddable":true,"href":"https:\/\/kamamuta.pl\/index.php?rest_route=%2Fwp%2Fv2%2Fproduct_tag&post=144"}],"curies":[{"name":"wp","href":"https:\/\/api.w.org\/{rel}","templated":true}]}}