{"id":116,"date":"2024-08-07T11:04:29","date_gmt":"2024-08-07T11:04:29","guid":{"rendered":"https:\/\/kamamuta.pl\/?post_type=product&#038;p=116"},"modified":"2025-05-22T12:33:29","modified_gmt":"2025-05-22T12:33:29","slug":"pakiet-8-konsultacji-on-line","status":"publish","type":"product","link":"https:\/\/kamamuta.pl\/?product=pakiet-8-konsultacji-on-line","title":{"rendered":"Pakiet 8 konsultacji on-line"},"content":{"rendered":"<p>Brak Ci motywacji do dzia\u0142ania?<\/p>\n<p>Czujesz, \u017ce tracisz sens w tym, co robisz?<\/p>\n<p>Potrzebujesz podtrzymania na duchu w realizacji d\u0142ugoterminowego celu?<\/p>\n<p>Chcesz wyruszy\u0107 w podr\u00f3\u017c ku g\u0142\u0119bokiemu poznaniu, ale nie wiesz, od czego zacz\u0105\u0107?<\/p>\n<p>A mo\u017ce troch\u0119 si\u0119 gubisz i ju\u017c nie wiesz, kim jeste\u015b oraz do czego d\u0105\u017cysz?<\/p>\n<p>Masz kryzys w relacji z ukochan\u0105 osob\u0105 lub dosy\u0107 \u017cycia w pojedynk\u0119?<\/p>\n<p>Zamierzasz zwi\u0119kszy\u0107 swoje zyski?<\/p>\n<p>Chcesz lepiej zarz\u0105dza\u0107 energi\u0105 w Tobie i Twoim otoczeniu?<\/p>\n<p>Je\u017celi tak, w\u0142a\u015bnie znalaz\u0142a\u015b osob\u0119, kt\u00f3ra mo\u017ce Ci pom\u00f3c. Zajmuj\u0119 si\u0119 motywowaniem w trudniejszych momentach, wyznaczaniem nowych kierunk\u00f3w i wsparciem w przezwyci\u0119\u017caniu ogranicze\u0144. Mog\u0119 by\u0107 Twoj\u0105 przewodniczk\u0105 na nieoczywistych \u015bcie\u017ckach rozwoju osobistego, biznesowego oraz stra\u017cniczk\u0105 relacji. Umocni\u0119 Ci\u0119 w podj\u0119tych postanowieniach i dodam pewno\u015bci siebie, je\u017celi akurat ogarnie Ci\u0119 chwila zw\u0105tpienia.<\/p>\n<p>Pakiet 8 konsultacji on-line to 8 godzin dla Ciebie, w trakcie kt\u00f3rych umocnisz si\u0119 w swoich nowych nawykach, poznasz siebie jeszcze g\u0142\u0119biej lub wr\u00f3cisz na Twoj\u0105 w\u0142asn\u0105 \u015bcie\u017ck\u0119. Spotykamy si\u0119 co tydzie\u0144 przez dwa miesi\u0105ce, by wsp\u00f3lnie pracowa\u0107 na to, by Twoje \u017cycie zaowocowa\u0142o w najpe\u0142niejszy spos\u00f3b. Dzi\u0119ki regularno\u015bci w spotkaniom oraz systematycznym \u0107wiczeniom Tw\u00f3j post\u0119p stanie si\u0119 szybko widoczny, a nowe nawyki solidnie zakotwiczone. Pomi\u0119dzy spotkaniami b\u0119d\u0119 do Twojej dyspozycji tak\u017ce mailowo.<\/p>\n","protected":false},"excerpt":{"rendered":"<p>Po z\u0142o\u017ceniu zam\u00f3wienia niezw\u0142ocznie skontaktuj\u0119 si\u0119 z Tob\u0105 mailowo celem um\u00f3wienia daty naszego spotkania.<\/p>\n","protected":false},"featured_media":117,"comment_status":"open","ping_status":"closed","template":"","meta":{"_themeisle_gutenberg_block_has_review":false},"product_brand":[],"product_cat":[20],"product_tag":[],"class_list":{"0":"post-116","1":"product","2":"type-product","3":"status-publish","4":"has-post-thumbnail","6":"product_cat-bez-kategorii","8":"first","9":"instock","10":"sale","11":"virtual","12":"purchasable","13":"product-type-simple"},"_links":{"self":[{"href":"https:\/\/kamamuta.pl\/index.php?rest_route=\/wp\/v2\/product\/116","targetHints":{"allow":["GET"]}}],"collection":[{"href":"https:\/\/kamamuta.pl\/index.php?rest_route=\/wp\/v2\/product"}],"about":[{"href":"https:\/\/kamamuta.pl\/index.php?rest_route=\/wp\/v2\/types\/product"}],"replies":[{"embeddable":true,"href":"https:\/\/kamamuta.pl\/index.php?rest_route=%2Fwp%2Fv2%2Fcomments&post=116"}],"wp:featuredmedia":[{"embeddable":true,"href":"https:\/\/kamamuta.pl\/index.php?rest_route=\/wp\/v2\/media\/117"}],"wp:attachment":[{"href":"https:\/\/kamamuta.pl\/index.php?rest_route=%2Fwp%2Fv2%2Fmedia&parent=116"}],"wp:term":[{"taxonomy":"product_brand","embeddable":true,"href":"https:\/\/kamamuta.pl\/index.php?rest_route=%2Fwp%2Fv2%2Fproduct_brand&post=116"},{"taxonomy":"product_cat","embeddable":true,"href":"https:\/\/kamamuta.pl\/index.php?rest_route=%2Fwp%2Fv2%2Fproduct_cat&post=116"},{"taxonomy":"product_tag","embeddable":true,"href":"https:\/\/kamamuta.pl\/index.php?rest_route=%2Fwp%2Fv2%2Fproduct_tag&post=116"}],"curies":[{"name":"wp","href":"https:\/\/api.w.org\/{rel}","templated":true}]}}