{"id":39,"date":"2024-07-27T08:48:01","date_gmt":"2024-07-27T08:48:01","guid":{"rendered":"https:\/\/kamamuta.pl\/?page_id=39"},"modified":"2024-07-27T09:38:37","modified_gmt":"2024-07-27T09:38:37","slug":"koszyk","status":"publish","type":"page","link":"https:\/\/kamamuta.pl\/?page_id=39","title":{"rendered":"Koszyk"},"content":{"rendered":"\n<div data-block-name=\"woocommerce\/cart\" class=\"wp-block-woocommerce-cart alignwide is-loading\">\n<div data-block-name=\"woocommerce\/filled-cart-block\" class=\"wp-block-woocommerce-filled-cart-block\">\n<div data-block-name=\"woocommerce\/cart-items-block\" class=\"wp-block-woocommerce-cart-items-block\">\n<div data-block-name=\"woocommerce\/cart-line-items-block\" class=\"wp-block-woocommerce-cart-line-items-block\"><\/div>\n\n\n\n<div data-block-name=\"woocommerce\/cart-cross-sells-block\" class=\"wp-block-woocommerce-cart-cross-sells-block\">\n<h2 class=\"wp-block-heading has-large-font-size\">Zobacz inne r\u00f3wnie interesuj\u0105ce\u2026<\/h2>\n\n\n\n<div data-block-name=\"woocommerce\/cart-cross-sells-products-block\" class=\"wp-block-woocommerce-cart-cross-sells-products-block\"><\/div>\n<\/div>\n<\/div>\n\n\n\n<div data-block-name=\"woocommerce\/cart-totals-block\" class=\"wp-block-woocommerce-cart-totals-block\">\n<div data-block-name=\"woocommerce\/cart-order-summary-block\" class=\"wp-block-woocommerce-cart-order-summary-block\">\n<div data-block-name=\"woocommerce\/cart-order-summary-heading-block\" class=\"wp-block-woocommerce-cart-order-summary-heading-block\"><\/div><div data-block-name=\"woocommerce\/cart-order-summary-coupon-form-block\" class=\"wp-block-woocommerce-cart-order-summary-coupon-form-block\"><\/div><div data-block-name=\"woocommerce\/cart-order-summary-totals-block\" class=\"wp-block-woocommerce-cart-order-summary-totals-block\">\n<div data-block-name=\"woocommerce\/cart-order-summary-subtotal-block\" class=\"wp-block-woocommerce-cart-order-summary-subtotal-block\"><\/div>\n<div data-block-name=\"woocommerce\/cart-order-summary-discount-block\" class=\"wp-block-woocommerce-cart-order-summary-discount-block\"><\/div>\n<div data-block-name=\"woocommerce\/cart-order-summary-fee-block\" class=\"wp-block-woocommerce-cart-order-summary-fee-block\"><\/div>\n<div data-block-name=\"woocommerce\/cart-order-summary-shipping-block\" class=\"wp-block-woocommerce-cart-order-summary-shipping-block\"><\/div>\n<div data-block-name=\"woocommerce\/cart-order-summary-taxes-block\" class=\"wp-block-woocommerce-cart-order-summary-taxes-block\"><\/div><\/div>\n<\/div>\n\n\n\n<div data-block-name=\"woocommerce\/cart-express-payment-block\" class=\"wp-block-woocommerce-cart-express-payment-block\"><\/div>\n\n\n\n<div data-block-name=\"woocommerce\/proceed-to-checkout-block\" class=\"wp-block-woocommerce-proceed-to-checkout-block\"><\/div>\n\n\n\n<div data-block-name=\"woocommerce\/cart-accepted-payment-methods-block\" class=\"wp-block-woocommerce-cart-accepted-payment-methods-block\"><\/div>\n<\/div>\n<\/div>\n\n\n\n<div data-block-name=\"woocommerce\/empty-cart-block\" class=\"wp-block-woocommerce-empty-cart-block\">\n<h2 class=\"wp-block-heading has-text-align-center with-empty-cart-icon wc-block-cart__empty-cart__title\">Tw\u00f3j koszyk jest obecnie pusty!<\/h2>\n\n\n\n<hr class=\"wp-block-separator has-alpha-channel-opacity is-style-dots\"\/>\n\n\n\n<h2 class=\"wp-block-heading has-text-align-center\">Nowe w sklepie<\/h2>\n\n\n<div data-block-name=\"woocommerce\/product-new\" data-columns=\"4\" data-rows=\"1\" class=\"wc-block-grid wp-block-product-new wp-block-woocommerce-product-new wc-block-product-new has-4-columns\"><ul class=\"wc-block-grid__products\"><li class=\"wc-block-grid__product\">\n\t\t\t\t<a href=\"https:\/\/kamamuta.pl\/?product=bohater-odzyskaj-sprawczosc-w-7-dni\" class=\"wc-block-grid__product-link\">\n\t\t\t\t\t<div class=\"wc-block-grid__product-onsale\">\n\t\t\t<span aria-hidden=\"true\">Promocja<\/span>\n\t\t\t<span class=\"screen-reader-text\">Produkt w promocji<\/span>\n\t\t<\/div>\n\t\t\t\t\t<div class=\"wc-block-grid__product-image\"><img loading=\"lazy\" decoding=\"async\" width=\"300\" height=\"300\" src=\"https:\/\/kamamuta.pl\/wp-content\/uploads\/2026\/04\/zdjecie-produktu-KWADRAT-BOHATER-300x300.png\" class=\"attachment-woocommerce_thumbnail size-woocommerce_thumbnail\" alt=\"BOHATER \u2013 odzyskaj sprawczo\u015b\u0107 w 7 dni\" srcset=\"https:\/\/kamamuta.pl\/wp-content\/uploads\/2026\/04\/zdjecie-produktu-KWADRAT-BOHATER-300x300.png 300w, https:\/\/kamamuta.pl\/wp-content\/uploads\/2026\/04\/zdjecie-produktu-KWADRAT-BOHATER-100x100.png 100w, https:\/\/kamamuta.pl\/wp-content\/uploads\/2026\/04\/zdjecie-produktu-KWADRAT-BOHATER-600x600.png 600w, https:\/\/kamamuta.pl\/wp-content\/uploads\/2026\/04\/zdjecie-produktu-KWADRAT-BOHATER-1024x1024.png 1024w, https:\/\/kamamuta.pl\/wp-content\/uploads\/2026\/04\/zdjecie-produktu-KWADRAT-BOHATER-150x150.png 150w, https:\/\/kamamuta.pl\/wp-content\/uploads\/2026\/04\/zdjecie-produktu-KWADRAT-BOHATER-768x768.png 768w, https:\/\/kamamuta.pl\/wp-content\/uploads\/2026\/04\/zdjecie-produktu-KWADRAT-BOHATER.png 1254w\" sizes=\"auto, (max-width: 300px) 100vw, 300px\" \/><\/div>\n\t\t\t\t\t<div class=\"wc-block-grid__product-title\">BOHATER \u2013 odzyskaj sprawczo\u015b\u0107 w 7 dni<\/div>\n\t\t\t\t<\/a>\n\t\t\t\t<div class=\"wc-block-grid__product-price price\"><del aria-hidden=\"true\"><span class=\"woocommerce-Price-amount amount\">290,00&nbsp;<span class=\"woocommerce-Price-currencySymbol\">&#122;&#322;<\/span><\/span><\/del> <span class=\"screen-reader-text\">Pierwotna cena wynosi\u0142a: 290,00&nbsp;&#122;&#322;.<\/span><ins aria-hidden=\"true\"><span class=\"woocommerce-Price-amount amount\">190,00&nbsp;<span class=\"woocommerce-Price-currencySymbol\">&#122;&#322;<\/span><\/span><\/ins><span class=\"screen-reader-text\">Aktualna cena wynosi: 190,00&nbsp;&#122;&#322;.<\/span><\/div>\n\t\t\t\t\n\t\t\t\t<div class=\"wp-block-button wc-block-grid__product-add-to-cart\"><a href=\"\/index.php?rest_route=%2Fwp%2Fv2%2Fpages%2F39&#038;add-to-cart=255\" aria-label=\"Dodaj do koszyka: &bdquo;BOHATER \u2013 odzyskaj sprawczo\u015b\u0107 w 7 dni&rdquo;\" data-quantity=\"1\" data-product_id=\"255\" data-product_sku=\"\" data-price=\"190\" rel=\"nofollow\" class=\"wp-block-button__link wp-element-button add_to_cart_button ajax_add_to_cart\">Dodaj do koszyka<\/a><\/div>\n\t\t\t<\/li><li class=\"wc-block-grid__product\">\n\t\t\t\t<a href=\"https:\/\/kamamuta.pl\/?product=kamamuta-dla-osob-z-adhd-trening-umiejetnosci-12-spotkan-ktore-wreszcie-przyniosa-upragniona-zmiane\" class=\"wc-block-grid__product-link\">\n\t\t\t\t\t\n\t\t\t\t\t<div class=\"wc-block-grid__product-image\"><img loading=\"lazy\" decoding=\"async\" width=\"300\" height=\"300\" src=\"https:\/\/kamamuta.pl\/wp-content\/uploads\/2025\/12\/Ogarnij-ADHD-300x300.png\" class=\"attachment-woocommerce_thumbnail size-woocommerce_thumbnail\" alt=\"Ogarnij ADHD\" srcset=\"https:\/\/kamamuta.pl\/wp-content\/uploads\/2025\/12\/Ogarnij-ADHD-300x300.png 300w, https:\/\/kamamuta.pl\/wp-content\/uploads\/2025\/12\/Ogarnij-ADHD-100x100.png 100w, https:\/\/kamamuta.pl\/wp-content\/uploads\/2025\/12\/Ogarnij-ADHD-150x150.png 150w\" sizes=\"auto, (max-width: 300px) 100vw, 300px\" \/><\/div>\n\t\t\t\t\t<div class=\"wc-block-grid__product-title\">Kamamuta dla os\u00f3b z ADHD &#8211; trening umiej\u0119tno\u015bci. 12 spotka\u0144, kt\u00f3re WRESZCIE przynios\u0105 upragnion\u0105 zmian\u0119!<\/div>\n\t\t\t\t<\/a>\n\t\t\t\t<div class=\"wc-block-grid__product-price price\"><span class=\"woocommerce-Price-amount amount\">2952,00&nbsp;<span class=\"woocommerce-Price-currencySymbol\">&#122;&#322;<\/span><\/span><\/div>\n\t\t\t\t\n\t\t\t\t<div class=\"wp-block-button wc-block-grid__product-add-to-cart\"><a href=\"\/index.php?rest_route=%2Fwp%2Fv2%2Fpages%2F39&#038;add-to-cart=191\" aria-label=\"Dodaj do koszyka: &bdquo;Kamamuta dla os\u00f3b z ADHD - trening umiej\u0119tno\u015bci. 12 spotka\u0144, kt\u00f3re WRESZCIE przynios\u0105 upragnion\u0105 zmian\u0119!&rdquo;\" data-quantity=\"1\" data-product_id=\"191\" data-product_sku=\"\" data-price=\"2952\" rel=\"nofollow\" class=\"wp-block-button__link wp-element-button add_to_cart_button ajax_add_to_cart\">Dodaj do koszyka<\/a><\/div>\n\t\t\t<\/li><li class=\"wc-block-grid__product\">\n\t\t\t\t<a href=\"https:\/\/kamamuta.pl\/?product=kamamuta-dla-zwiazkow-mentoring-dla-par-12-spotkan-ktore-przyniosa-zmiane-jakiej-potrzebujecie\" class=\"wc-block-grid__product-link\">\n\t\t\t\t\t\n\t\t\t\t\t<div class=\"wc-block-grid__product-image\"><img loading=\"lazy\" decoding=\"async\" width=\"300\" height=\"300\" src=\"https:\/\/kamamuta.pl\/wp-content\/uploads\/2025\/11\/1_aNwv1Q2BFXYvHj5MFeruhA-edited-300x300.webp\" class=\"attachment-woocommerce_thumbnail size-woocommerce_thumbnail\" alt=\"Kamamuta dla zwi\u0105zk\u00f3w - mentoring dla par. 12 spotka\u0144, kt\u00f3re przynios\u0105 zmian\u0119, jakiej potrzebujecie\" srcset=\"https:\/\/kamamuta.pl\/wp-content\/uploads\/2025\/11\/1_aNwv1Q2BFXYvHj5MFeruhA-edited-300x300.webp 300w, https:\/\/kamamuta.pl\/wp-content\/uploads\/2025\/11\/1_aNwv1Q2BFXYvHj5MFeruhA-edited-100x100.webp 100w, https:\/\/kamamuta.pl\/wp-content\/uploads\/2025\/11\/1_aNwv1Q2BFXYvHj5MFeruhA-edited-600x600.webp 600w, https:\/\/kamamuta.pl\/wp-content\/uploads\/2025\/11\/1_aNwv1Q2BFXYvHj5MFeruhA-edited-150x150.webp 150w, https:\/\/kamamuta.pl\/wp-content\/uploads\/2025\/11\/1_aNwv1Q2BFXYvHj5MFeruhA-edited-768x768.webp 768w, https:\/\/kamamuta.pl\/wp-content\/uploads\/2025\/11\/1_aNwv1Q2BFXYvHj5MFeruhA-edited.webp 772w\" sizes=\"auto, (max-width: 300px) 100vw, 300px\" \/><\/div>\n\t\t\t\t\t<div class=\"wc-block-grid__product-title\">Kamamuta dla zwi\u0105zk\u00f3w &#8211; mentoring dla par. 12 spotka\u0144, kt\u00f3re przynios\u0105 zmian\u0119, jakiej potrzebujecie<\/div>\n\t\t\t\t<\/a>\n\t\t\t\t<div class=\"wc-block-grid__product-price price\"><span class=\"woocommerce-Price-amount amount\" aria-hidden=\"true\">5900,00&nbsp;<span class=\"woocommerce-Price-currencySymbol\">&#122;&#322;<\/span><\/span> <span aria-hidden=\"true\">&ndash;<\/span> <span class=\"woocommerce-Price-amount amount\" aria-hidden=\"true\">9900,00&nbsp;<span class=\"woocommerce-Price-currencySymbol\">&#122;&#322;<\/span><\/span><span class=\"screen-reader-text\">Zakres cen: od 5900,00&nbsp;&#122;&#322; do 9900,00&nbsp;&#122;&#322;<\/span><\/div>\n\t\t\t\t\n\t\t\t\t<div class=\"wp-block-button wc-block-grid__product-add-to-cart\"><a href=\"https:\/\/kamamuta.pl\/?product=kamamuta-dla-zwiazkow-mentoring-dla-par-12-spotkan-ktore-przyniosa-zmiane-jakiej-potrzebujecie\" aria-label=\"Wybierz opcje dla &bdquo;Kamamuta dla zwi\u0105zk\u00f3w - mentoring dla par. 12 spotka\u0144, kt\u00f3re przynios\u0105 zmian\u0119, jakiej potrzebujecie&rdquo;\" data-quantity=\"1\" data-product_id=\"176\" data-product_sku=\"\" data-price=\"5900\" rel=\"nofollow\" class=\"wp-block-button__link wp-element-button add_to_cart_button\">Wybierz opcje<\/a><\/div>\n\t\t\t<\/li><li class=\"wc-block-grid__product\">\n\t\t\t\t<a href=\"https:\/\/kamamuta.pl\/?product=karty-pracy-marka-osobista\" class=\"wc-block-grid__product-link\">\n\t\t\t\t\t\n\t\t\t\t\t<div class=\"wc-block-grid__product-image\"><img loading=\"lazy\" decoding=\"async\" width=\"300\" height=\"300\" src=\"https:\/\/kamamuta.pl\/wp-content\/uploads\/2025\/10\/paleta-kolorow-kamamuta.pl_-300x300.png\" class=\"attachment-woocommerce_thumbnail size-woocommerce_thumbnail\" alt=\"Karty Pracy Marka Osobista\" srcset=\"https:\/\/kamamuta.pl\/wp-content\/uploads\/2025\/10\/paleta-kolorow-kamamuta.pl_-300x300.png 300w, https:\/\/kamamuta.pl\/wp-content\/uploads\/2025\/10\/paleta-kolorow-kamamuta.pl_-100x100.png 100w, https:\/\/kamamuta.pl\/wp-content\/uploads\/2025\/10\/paleta-kolorow-kamamuta.pl_-150x150.png 150w\" sizes=\"auto, (max-width: 300px) 100vw, 300px\" \/><\/div>\n\t\t\t\t\t<div class=\"wc-block-grid__product-title\">Karty Pracy Marka Osobista<\/div>\n\t\t\t\t<\/a>\n\t\t\t\t<div class=\"wc-block-grid__product-price price\"><span class=\"woocommerce-Price-amount amount\">44,90&nbsp;<span class=\"woocommerce-Price-currencySymbol\">&#122;&#322;<\/span><\/span><\/div>\n\t\t\t\t\n\t\t\t\t<div class=\"wp-block-button wc-block-grid__product-add-to-cart\"><a href=\"\/index.php?rest_route=%2Fwp%2Fv2%2Fpages%2F39&#038;add-to-cart=150\" aria-label=\"Dodaj do koszyka: &bdquo;Karty Pracy Marka Osobista&rdquo;\" data-quantity=\"1\" data-product_id=\"150\" data-product_sku=\"\" data-price=\"44.9\" rel=\"nofollow\" class=\"wp-block-button__link wp-element-button add_to_cart_button ajax_add_to_cart\">Dodaj do koszyka<\/a><\/div>\n\t\t\t<\/li><\/ul><\/div><\/div>\n<\/div>\n","protected":false},"excerpt":{"rendered":"","protected":false},"author":1,"featured_media":0,"parent":0,"menu_order":0,"comment_status":"closed","ping_status":"closed","template":"","meta":{"_themeisle_gutenberg_block_has_review":false,"footnotes":""},"class_list":["post-39","page","type-page","status-publish","hentry"],"_links":{"self":[{"href":"https:\/\/kamamuta.pl\/index.php?rest_route=\/wp\/v2\/pages\/39","targetHints":{"allow":["GET"]}}],"collection":[{"href":"https:\/\/kamamuta.pl\/index.php?rest_route=\/wp\/v2\/pages"}],"about":[{"href":"https:\/\/kamamuta.pl\/index.php?rest_route=\/wp\/v2\/types\/page"}],"author":[{"embeddable":true,"href":"https:\/\/kamamuta.pl\/index.php?rest_route=\/wp\/v2\/users\/1"}],"replies":[{"embeddable":true,"href":"https:\/\/kamamuta.pl\/index.php?rest_route=%2Fwp%2Fv2%2Fcomments&post=39"}],"version-history":[{"count":1,"href":"https:\/\/kamamuta.pl\/index.php?rest_route=\/wp\/v2\/pages\/39\/revisions"}],"predecessor-version":[{"id":90,"href":"https:\/\/kamamuta.pl\/index.php?rest_route=\/wp\/v2\/pages\/39\/revisions\/90"}],"wp:attachment":[{"href":"https:\/\/kamamuta.pl\/index.php?rest_route=%2Fwp%2Fv2%2Fmedia&parent=39"}],"curies":[{"name":"wp","href":"https:\/\/api.w.org\/{rel}","templated":true}]}}