{"id":201,"date":"2025-12-08T10:26:31","date_gmt":"2025-12-08T10:26:31","guid":{"rendered":"https:\/\/kamamuta.pl\/?page_id=201"},"modified":"2025-12-08T10:26:31","modified_gmt":"2025-12-08T10:26:31","slug":"blog-kamamuta-pl","status":"publish","type":"page","link":"https:\/\/kamamuta.pl\/?page_id=201","title":{"rendered":"Blog Kamamuta.pl"},"content":{"rendered":"\n<div id=\"wp-block-themeisle-blocks-advanced-columns-2c60bc77\" class=\"wp-block-themeisle-blocks-advanced-columns alignfull has-1-columns has-desktop-equal-layout has-tablet-equal-layout has-mobile-collapsedRows-layout has-reverse-columns-mobile has-vertical-center ticss-c00aadba\"><div class=\"wp-block-themeisle-blocks-advanced-columns-overlay\"><\/div><div class=\"innerblocks-wrap\">\n<div id=\"wp-block-themeisle-blocks-advanced-column-75b9263d\" class=\"wp-block-themeisle-blocks-advanced-column\">\n<div style=\"height:100px\" aria-hidden=\"true\" class=\"wp-block-spacer\"><\/div>\n\n\n\n<h1 id=\"wp-block-themeisle-blocks-advanced-heading-5d5675df\" class=\"wp-block-themeisle-blocks-advanced-heading wp-block-themeisle-blocks-advanced-heading-5d5675df\">Wejd\u017a na drog\u0119 \u015bwiadomo\u015bci<\/h1>\n\n\n\n<p id=\"wp-block-themeisle-blocks-advanced-heading-40ecd43d\" class=\"wp-block-themeisle-blocks-advanced-heading wp-block-themeisle-blocks-advanced-heading-40ecd43d\">Przejd\u017a proces uzdrowienia. B\u0105d\u017a w tu i teraz. Rozwijaj i urzeczywistniaj sw\u00f3j potencja\u0142! Czytaj blog.<\/p>\n\n\n\n<div style=\"height:100px\" aria-hidden=\"true\" class=\"wp-block-spacer\"><\/div>\n<\/div>\n<\/div><\/div>\n\n\n<ul class=\"wp-block-categories-list wp-block-categories\">\t<li class=\"cat-item cat-item-25\"><a href=\"https:\/\/kamamuta.pl\/?cat=25\">ADHD<\/a>\n<\/li>\n\t<li class=\"cat-item cat-item-4\"><a href=\"https:\/\/kamamuta.pl\/?cat=4\">Biznes<\/a>\n<\/li>\n\t<li class=\"cat-item cat-item-3\"><a href=\"https:\/\/kamamuta.pl\/?cat=3\">Podr\u00f3\u017ce<\/a>\n<\/li>\n\t<li class=\"cat-item cat-item-27\"><a href=\"https:\/\/kamamuta.pl\/?cat=27\">relacje<\/a>\n<\/li>\n\t<li class=\"cat-item cat-item-22\"><a href=\"https:\/\/kamamuta.pl\/?cat=22\">rozw\u00f3j osobisty<\/a>\n<\/li>\n\t<li class=\"cat-item cat-item-1\"><a href=\"https:\/\/kamamuta.pl\/?cat=1\">Uncategorized<\/a>\n<\/li>\n<\/ul>\n\n<div class=\"is-style-boxed wp-block-themeisle-blocks-posts-grid\" id=\"wp-block-themeisle-blocks-posts-grid-83d613b0\"><div class=\"is-grid o-posts-grid-columns-3\"><div class=\"o-posts-grid-post-blog o-posts-grid-post-plain\"><div class=\"o-posts-grid-post\"><div class=\"o-posts-grid-post-image\"><a href=\"https:\/\/kamamuta.pl\/?p=180\"><img loading=\"lazy\" decoding=\"async\" width=\"1600\" height=\"896\" src=\"https:\/\/kamamuta.pl\/wp-content\/uploads\/2025\/12\/Ogarnij-ADHD.png\" class=\"attachment-full size-full\" alt=\"Ogarnij ADHD\" srcset=\"https:\/\/kamamuta.pl\/wp-content\/uploads\/2025\/12\/Ogarnij-ADHD.png 1600w, https:\/\/kamamuta.pl\/wp-content\/uploads\/2025\/12\/Ogarnij-ADHD-600x336.png 600w, https:\/\/kamamuta.pl\/wp-content\/uploads\/2025\/12\/Ogarnij-ADHD-300x168.png 300w, https:\/\/kamamuta.pl\/wp-content\/uploads\/2025\/12\/Ogarnij-ADHD-1024x573.png 1024w, https:\/\/kamamuta.pl\/wp-content\/uploads\/2025\/12\/Ogarnij-ADHD-768x430.png 768w, https:\/\/kamamuta.pl\/wp-content\/uploads\/2025\/12\/Ogarnij-ADHD-1536x860.png 1536w\" sizes=\"(max-width: 1600px) 100vw, 1600px\" \/><\/a><\/div><div class=\"o-posts-grid-post-body\"><span class=\"o-posts-grid-post-category\"><a href=\"https:\/\/kamamuta.pl\/?cat=25\">ADHD<\/a><\/span><h4 class=\"o-posts-grid-post-title\"><a href=\"https:\/\/kamamuta.pl\/?p=180\">Zarz\u0105dzanie ADHD. Wyzw\u00f3l si\u0119 z ogranicze\u0144, \u017cyj d\u0142ugo i szcz\u0119\u015bliwie!<\/a><\/h4><p class=\"o-posts-grid-post-meta\">Opublikowano w <time datetime=\"2025-12-08T09:12:53+00:00\">8 grudnia, 2025<\/time> autorstwa <a href=\"https:\/\/kamamuta.pl\/?author=1\">admin<\/a><\/p><div class=\"o-posts-grid-post-description\"><p>ADHD to zestaw problem\u00f3w, kt\u00f3ry mo\u017ce skr\u00f3ci\u0107 Twoje \u017cycie, ale i potencja\u0142, kt\u00f3ry mo\u017cesz wykorzysta\u0107,\u2026<\/p><\/div><\/div><\/div><\/div><div class=\"o-posts-grid-post-blog o-posts-grid-post-plain\"><div class=\"o-posts-grid-post\"><div class=\"o-posts-grid-post-image\"><a href=\"https:\/\/kamamuta.pl\/?p=207\"><img loading=\"lazy\" decoding=\"async\" width=\"675\" height=\"676\" src=\"https:\/\/kamamuta.pl\/wp-content\/uploads\/2025\/12\/relacje-e1765791027316.jpg\" class=\"attachment-full size-full\" alt=\"10 rzeczy, kt\u00f3re naprawd\u0119 pomagaj\u0105 ogarn\u0105\u0107 neuroatypowy chaos (i poprawiaj\u0105 relacje)\" srcset=\"https:\/\/kamamuta.pl\/wp-content\/uploads\/2025\/12\/relacje-e1765791027316.jpg 675w, https:\/\/kamamuta.pl\/wp-content\/uploads\/2025\/12\/relacje-e1765791027316-300x300.jpg 300w, https:\/\/kamamuta.pl\/wp-content\/uploads\/2025\/12\/relacje-e1765791027316-100x100.jpg 100w, https:\/\/kamamuta.pl\/wp-content\/uploads\/2025\/12\/relacje-e1765791027316-600x601.jpg 600w, https:\/\/kamamuta.pl\/wp-content\/uploads\/2025\/12\/relacje-e1765791027316-150x150.jpg 150w\" sizes=\"(max-width: 675px) 100vw, 675px\" \/><\/a><\/div><div class=\"o-posts-grid-post-body\"><span class=\"o-posts-grid-post-category\"><a href=\"https:\/\/kamamuta.pl\/?cat=25\">ADHD<\/a><\/span><h4 class=\"o-posts-grid-post-title\"><a href=\"https:\/\/kamamuta.pl\/?p=207\">10 rzeczy, kt\u00f3re naprawd\u0119 pomagaj\u0105 ogarn\u0105\u0107 neuroatypowy chaos (i poprawiaj\u0105 relacje)<\/a><\/h4><p class=\"o-posts-grid-post-meta\">Opublikowano w <time datetime=\"2025-12-15T09:30:43+00:00\">15 grudnia, 2025<\/time> autorstwa <a href=\"https:\/\/kamamuta.pl\/?author=1\">admin<\/a><\/p><div class=\"o-posts-grid-post-description\"><p>Neuroatypowo\u015b\u0107 (ADHD, spektrum autyzmu, AuDHD) to nie brak kompetencji ani \u201enieogarni\u0119cie\u201d. To inny \u2026<\/p><\/div><\/div><\/div><\/div><div class=\"o-posts-grid-post-blog o-posts-grid-post-plain\"><div class=\"o-posts-grid-post\"><div class=\"o-posts-grid-post-image\"><a href=\"https:\/\/kamamuta.pl\/?p=152\"><img loading=\"lazy\" decoding=\"async\" width=\"1152\" height=\"965\" src=\"https:\/\/kamamuta.pl\/wp-content\/uploads\/2025\/10\/archetypy-e1760452678228.png\" class=\"attachment-full size-full\" alt=\"Archetypy. Jak z nimi pracowa\u0107 w rozwoju i biznesie?\" srcset=\"https:\/\/kamamuta.pl\/wp-content\/uploads\/2025\/10\/archetypy-e1760452678228.png 1152w, https:\/\/kamamuta.pl\/wp-content\/uploads\/2025\/10\/archetypy-e1760452678228-600x503.png 600w, https:\/\/kamamuta.pl\/wp-content\/uploads\/2025\/10\/archetypy-e1760452678228-300x251.png 300w, https:\/\/kamamuta.pl\/wp-content\/uploads\/2025\/10\/archetypy-e1760452678228-1024x858.png 1024w, https:\/\/kamamuta.pl\/wp-content\/uploads\/2025\/10\/archetypy-e1760452678228-768x643.png 768w\" sizes=\"(max-width: 1152px) 100vw, 1152px\" \/><\/a><\/div><div class=\"o-posts-grid-post-body\"><span class=\"o-posts-grid-post-category\"><a href=\"https:\/\/kamamuta.pl\/?cat=4\">Biznes<\/a><\/span><h4 class=\"o-posts-grid-post-title\"><a href=\"https:\/\/kamamuta.pl\/?p=152\">Archetypy. Jak z nimi pracowa\u0107 w rozwoju i biznesie?<\/a><\/h4><p class=\"o-posts-grid-post-meta\">Opublikowano w <time datetime=\"2025-10-14T14:34:50+00:00\">14 pa\u017adziernika, 2025<\/time> autorstwa <a href=\"https:\/\/kamamuta.pl\/?author=1\">admin<\/a><\/p><div class=\"o-posts-grid-post-description\"><p>Archetypy w przypadku mojej drogi postrzegam jako genialne narz\u0119dzie, z kt\u00f3rego korzystam zar\u00f3wno w \u2026<\/p><\/div><\/div><\/div><\/div><div class=\"o-posts-grid-post-blog o-posts-grid-post-plain\"><div class=\"o-posts-grid-post\"><div class=\"o-posts-grid-post-image\"><a href=\"https:\/\/kamamuta.pl\/?p=30\"><img loading=\"lazy\" decoding=\"async\" width=\"1080\" height=\"675\" src=\"https:\/\/kamamuta.pl\/wp-content\/uploads\/2024\/07\/mapa-poziomow-swiadomosci-david-hawkins.jpg\" class=\"attachment-full size-full\" alt=\"mapa poziom\u00f3w \u015bwiadomo\u015bci david hawkins\" srcset=\"https:\/\/kamamuta.pl\/wp-content\/uploads\/2024\/07\/mapa-poziomow-swiadomosci-david-hawkins.jpg 1080w, https:\/\/kamamuta.pl\/wp-content\/uploads\/2024\/07\/mapa-poziomow-swiadomosci-david-hawkins-600x375.jpg 600w, https:\/\/kamamuta.pl\/wp-content\/uploads\/2024\/07\/mapa-poziomow-swiadomosci-david-hawkins-300x188.jpg 300w, https:\/\/kamamuta.pl\/wp-content\/uploads\/2024\/07\/mapa-poziomow-swiadomosci-david-hawkins-1024x640.jpg 1024w, https:\/\/kamamuta.pl\/wp-content\/uploads\/2024\/07\/mapa-poziomow-swiadomosci-david-hawkins-768x480.jpg 768w\" sizes=\"(max-width: 1080px) 100vw, 1080px\" \/><\/a><\/div><div class=\"o-posts-grid-post-body\"><span class=\"o-posts-grid-post-category\"><a href=\"https:\/\/kamamuta.pl\/?cat=22\">rozw\u00f3j osobisty<\/a><\/span><h4 class=\"o-posts-grid-post-title\"><a href=\"https:\/\/kamamuta.pl\/?p=30\">Czym jest mapa poziom\u00f3w \u015bwiadomo\u015bci dra Davida R. Hawkinsa? Drogowskaz ku o\u015bwieceniu<\/a><\/h4><p class=\"o-posts-grid-post-meta\">Opublikowano w <time datetime=\"2024-07-26T06:28:07+00:00\">26 lipca, 2024<\/time> autorstwa <a href=\"https:\/\/kamamuta.pl\/?author=1\">admin<\/a><\/p><div class=\"o-posts-grid-post-description\"><p>Na ksi\u0105\u017cki dra Davida R. Hawkinsa trafi\u0142am dok\u0142adnie w momencie, kiedy najbardziej ich potrzebowa\u0142am\u2026<\/p><\/div><\/div><\/div><\/div><div class=\"o-posts-grid-post-blog o-posts-grid-post-plain\"><div class=\"o-posts-grid-post\"><div class=\"o-posts-grid-post-image\"><a href=\"https:\/\/kamamuta.pl\/?p=6\"><img loading=\"lazy\" decoding=\"async\" width=\"2240\" height=\"1260\" src=\"https:\/\/kamamuta.pl\/wp-content\/uploads\/2024\/06\/WORKATION.png\" class=\"attachment-full size-full\" alt=\"Workation \u2014 spektakularne scenerie do pracy zdalnej\" srcset=\"https:\/\/kamamuta.pl\/wp-content\/uploads\/2024\/06\/WORKATION.png 2240w, https:\/\/kamamuta.pl\/wp-content\/uploads\/2024\/06\/WORKATION-600x338.png 600w, https:\/\/kamamuta.pl\/wp-content\/uploads\/2024\/06\/WORKATION-300x169.png 300w, https:\/\/kamamuta.pl\/wp-content\/uploads\/2024\/06\/WORKATION-1024x576.png 1024w, https:\/\/kamamuta.pl\/wp-content\/uploads\/2024\/06\/WORKATION-768x432.png 768w, https:\/\/kamamuta.pl\/wp-content\/uploads\/2024\/06\/WORKATION-1536x864.png 1536w, https:\/\/kamamuta.pl\/wp-content\/uploads\/2024\/06\/WORKATION-2048x1152.png 2048w\" sizes=\"(max-width: 2240px) 100vw, 2240px\" \/><\/a><\/div><div class=\"o-posts-grid-post-body\"><span class=\"o-posts-grid-post-category\"><a href=\"https:\/\/kamamuta.pl\/?cat=4\">Biznes<\/a><\/span><h4 class=\"o-posts-grid-post-title\"><a href=\"https:\/\/kamamuta.pl\/?p=6\">Workation \u2014 spektakularne scenerie do pracy zdalnej<\/a><\/h4><p class=\"o-posts-grid-post-meta\">Opublikowano w <time datetime=\"2024-06-20T14:35:41+00:00\">20 czerwca, 2024<\/time> autorstwa <a href=\"https:\/\/kamamuta.pl\/?author=1\">admin<\/a><\/p><div class=\"o-posts-grid-post-description\"><p>Workation to ulubiony termin cyfrowych nomad\u00f3w, oznaczaj\u0105cy \u0142\u0105czenie obowi\u0105zk\u00f3w zawodowych w wyj\u0105tko\u2026<\/p><\/div><\/div><\/div><\/div><div class=\"o-posts-grid-post-blog o-posts-grid-post-plain\"><div class=\"o-posts-grid-post\"><div class=\"o-posts-grid-post-body is-full\"><span class=\"o-posts-grid-post-category\"><a href=\"https:\/\/kamamuta.pl\/?cat=1\">Uncategorized<\/a><\/span><h4 class=\"o-posts-grid-post-title\"><a href=\"https:\/\/kamamuta.pl\/?p=1\">Hello world!<\/a><\/h4><p class=\"o-posts-grid-post-meta\">Opublikowano w <time datetime=\"2024-05-22T17:54:19+00:00\">22 maja, 2024<\/time> autorstwa <a href=\"https:\/\/kamamuta.pl\/?author=1\">admin<\/a><\/p><div class=\"o-posts-grid-post-description\"><p>Welcome to WordPress. This is your first post. Edit or delete it, then start writing!<\/p><\/div><\/div><\/div><\/div><\/div> <\/div>","protected":false},"excerpt":{"rendered":"","protected":false},"author":1,"featured_media":0,"parent":0,"menu_order":0,"comment_status":"closed","ping_status":"closed","template":"","meta":{"_themeisle_gutenberg_block_has_review":false,"footnotes":""},"class_list":["post-201","page","type-page","status-publish","hentry"],"_links":{"self":[{"href":"https:\/\/kamamuta.pl\/index.php?rest_route=\/wp\/v2\/pages\/201","targetHints":{"allow":["GET"]}}],"collection":[{"href":"https:\/\/kamamuta.pl\/index.php?rest_route=\/wp\/v2\/pages"}],"about":[{"href":"https:\/\/kamamuta.pl\/index.php?rest_route=\/wp\/v2\/types\/page"}],"author":[{"embeddable":true,"href":"https:\/\/kamamuta.pl\/index.php?rest_route=\/wp\/v2\/users\/1"}],"replies":[{"embeddable":true,"href":"https:\/\/kamamuta.pl\/index.php?rest_route=%2Fwp%2Fv2%2Fcomments&post=201"}],"version-history":[{"count":1,"href":"https:\/\/kamamuta.pl\/index.php?rest_route=\/wp\/v2\/pages\/201\/revisions"}],"predecessor-version":[{"id":202,"href":"https:\/\/kamamuta.pl\/index.php?rest_route=\/wp\/v2\/pages\/201\/revisions\/202"}],"wp:attachment":[{"href":"https:\/\/kamamuta.pl\/index.php?rest_route=%2Fwp%2Fv2%2Fmedia&parent=201"}],"curies":[{"name":"wp","href":"https:\/\/api.w.org\/{rel}","templated":true}]}}